{"id":2,"date":"2025-02-19T19:33:40","date_gmt":"2025-02-19T22:33:40","guid":{"rendered":"https:\/\/betopesca.danielwinweb.com\/?page_id=2"},"modified":"2025-10-09T22:24:06","modified_gmt":"2025-10-10T01:24:06","slug":"pagina-exemplo","status":"publish","type":"page","link":"https:\/\/betopesca.danielwinweb.com\/index.php\/pagina-exemplo\/","title":{"rendered":"Blog"},"content":{"rendered":"\t\t<div data-elementor-type=\"wp-page\" data-elementor-id=\"2\" class=\"elementor elementor-2\" data-elementor-post-type=\"page\">\n\t\t\t\t<div class=\"elementor-element elementor-element-26bd0abb e-con-full e-flex e-con e-parent\" data-id=\"26bd0abb\" data-element_type=\"container\" data-settings=\"{&quot;background_background&quot;:&quot;gradient&quot;}\">\n\t\t\t\t<div class=\"elementor-element elementor-element-47923afe elementor-widget elementor-widget-text-editor\" data-id=\"47923afe\" data-element_type=\"widget\" data-widget_type=\"text-editor.default\">\n\t\t\t\t<div class=\"elementor-widget-container\">\n\t\t\t\t\t\t\t\t\t<p>Blog<\/p>\t\t\t\t\t\t\t\t<\/div>\n\t\t\t\t<\/div>\n\t\t\t\t<\/div>\n\t\t<div class=\"elementor-element elementor-element-4f50d4c1 e-flex e-con-boxed e-con e-parent\" data-id=\"4f50d4c1\" data-element_type=\"container\" data-settings=\"{&quot;background_background&quot;:&quot;classic&quot;}\">\n\t\t\t\t\t<div class=\"e-con-inner\">\n\t\t\t\t<div class=\"elementor-element elementor-element-0a7aaa3 elementor-grid-3 elementor-grid-tablet-2 elementor-grid-mobile-1 elementor-posts--thumbnail-top elementor-posts--show-avatar elementor-card-shadow-yes elementor-posts__hover-gradient elementor-widget elementor-widget-posts\" data-id=\"0a7aaa3\" data-element_type=\"widget\" data-settings=\"{&quot;cards_columns&quot;:&quot;3&quot;,&quot;cards_columns_tablet&quot;:&quot;2&quot;,&quot;cards_columns_mobile&quot;:&quot;1&quot;,&quot;cards_row_gap&quot;:{&quot;unit&quot;:&quot;px&quot;,&quot;size&quot;:35,&quot;sizes&quot;:[]},&quot;cards_row_gap_tablet&quot;:{&quot;unit&quot;:&quot;px&quot;,&quot;size&quot;:&quot;&quot;,&quot;sizes&quot;:[]},&quot;cards_row_gap_mobile&quot;:{&quot;unit&quot;:&quot;px&quot;,&quot;size&quot;:&quot;&quot;,&quot;sizes&quot;:[]}}\" data-widget_type=\"posts.cards\">\n\t\t\t\t<div class=\"elementor-widget-container\">\n\t\t\t\t\t\t\t<div class=\"elementor-posts-container elementor-posts elementor-posts--skin-cards elementor-grid\" role=\"list\">\n\t\t\t\t<article class=\"elementor-post elementor-grid-item post-1414 post type-post status-publish format-standard has-post-thumbnail hentry category-sem-categoria\" role=\"listitem\">\n\t\t\t<div class=\"elementor-post__card\">\n\t\t\t\t<a class=\"elementor-post__thumbnail__link\" href=\"https:\/\/betopesca.danielwinweb.com\/index.php\/2025\/10\/09\/como-identificar-os-melhores-pontos-de-pesca-em-rios-lagos-e-no-mar\/\" tabindex=\"-1\" ><div class=\"elementor-post__thumbnail\"><img fetchpriority=\"high\" decoding=\"async\" width=\"300\" height=\"169\" src=\"https:\/\/betopesca.danielwinweb.com\/wp-content\/uploads\/2025\/10\/maxresdefault-2-300x169.png\" class=\"attachment-medium size-medium wp-image-1426\" alt=\"\" srcset=\"https:\/\/betopesca.danielwinweb.com\/wp-content\/uploads\/2025\/10\/maxresdefault-2-300x169.png 300w, https:\/\/betopesca.danielwinweb.com\/wp-content\/uploads\/2025\/10\/maxresdefault-2-1024x576.png 1024w, https:\/\/betopesca.danielwinweb.com\/wp-content\/uploads\/2025\/10\/maxresdefault-2-768x432.png 768w, https:\/\/betopesca.danielwinweb.com\/wp-content\/uploads\/2025\/10\/maxresdefault-2-1536x864.png 1536w, https:\/\/betopesca.danielwinweb.com\/wp-content\/uploads\/2025\/10\/maxresdefault-2-2048x1152.png 2048w\" sizes=\"(max-width: 300px) 100vw, 300px\" \/><\/div><\/a>\n\t\t\t\t<div class=\"elementor-post__avatar\">\n\t\t\t<img alt='betopesca' src='https:\/\/secure.gravatar.com\/avatar\/d2177b9da4fc132d566dbe164f603c227f19603354cebb86f6a604cc2c2002ae?s=128&#038;d=mm&#038;r=g' srcset='https:\/\/secure.gravatar.com\/avatar\/d2177b9da4fc132d566dbe164f603c227f19603354cebb86f6a604cc2c2002ae?s=256&#038;d=mm&#038;r=g 2x' class='avatar avatar-128 photo' height='128' width='128' \/>\t\t<\/div>\n\t\t\t\t<div class=\"elementor-post__text\">\n\t\t\t\t<h3 class=\"elementor-post__title\">\n\t\t\t<a href=\"https:\/\/betopesca.danielwinweb.com\/index.php\/2025\/10\/09\/como-identificar-os-melhores-pontos-de-pesca-em-rios-lagos-e-no-mar\/\" >\n\t\t\t\tComo identificar os melhores pontos de pesca em rios, lagos e no mar\t\t\t<\/a>\n\t\t<\/h3>\n\t\t\t\t<div class=\"elementor-post__excerpt\">\n\t\t\t<p>Saber como identificar os melhores pontos de pesca \u00e9 o segredo dos pescadores que sempre voltam com boas hist\u00f3rias \u2014 e bons peixes. Entender o<\/p>\n\t\t<\/div>\n\t\t\t\t\t<div class=\"elementor-post__read-more-wrapper\">\n\t\t\n\t\t<a class=\"elementor-post__read-more\" href=\"https:\/\/betopesca.danielwinweb.com\/index.php\/2025\/10\/09\/como-identificar-os-melhores-pontos-de-pesca-em-rios-lagos-e-no-mar\/\" aria-label=\"Leia mais sobre Como identificar os melhores pontos de pesca em rios, lagos e no mar\" tabindex=\"-1\" >\n\t\t\tLeia mais \u00bb\t\t<\/a>\n\n\t\t\t\t\t<\/div>\n\t\t\t\t<\/div>\n\t\t\t\t<div class=\"elementor-post__meta-data\">\n\t\t\t\t\t<span class=\"elementor-post-date\">\n\t\t\t9 de outubro de 2025\t\t<\/span>\n\t\t\t\t<span class=\"elementor-post-avatar\">\n\t\t\tNenhum coment\u00e1rio\t\t<\/span>\n\t\t\t\t<\/div>\n\t\t\t\t\t<\/div>\n\t\t<\/article>\n\t\t\t\t<article class=\"elementor-post elementor-grid-item post-1197 post type-post status-publish format-standard has-post-thumbnail hentry category-sem-categoria\" role=\"listitem\">\n\t\t\t<div class=\"elementor-post__card\">\n\t\t\t\t<a class=\"elementor-post__thumbnail__link\" href=\"https:\/\/betopesca.danielwinweb.com\/index.php\/2025\/10\/05\/aprenda-os-principais-nos-para-pesca-esportiva\/\" tabindex=\"-1\" ><div class=\"elementor-post__thumbnail\"><img decoding=\"async\" width=\"300\" height=\"169\" src=\"https:\/\/betopesca.danielwinweb.com\/wp-content\/uploads\/2025\/10\/hq720-2-300x169.png\" class=\"attachment-medium size-medium wp-image-1209\" alt=\"\" srcset=\"https:\/\/betopesca.danielwinweb.com\/wp-content\/uploads\/2025\/10\/hq720-2-300x169.png 300w, https:\/\/betopesca.danielwinweb.com\/wp-content\/uploads\/2025\/10\/hq720-2-1024x576.png 1024w, https:\/\/betopesca.danielwinweb.com\/wp-content\/uploads\/2025\/10\/hq720-2-768x432.png 768w, https:\/\/betopesca.danielwinweb.com\/wp-content\/uploads\/2025\/10\/hq720-2.png 1372w\" sizes=\"(max-width: 300px) 100vw, 300px\" \/><\/div><\/a>\n\t\t\t\t<div class=\"elementor-post__avatar\">\n\t\t\t<img alt='betopesca' src='https:\/\/secure.gravatar.com\/avatar\/d2177b9da4fc132d566dbe164f603c227f19603354cebb86f6a604cc2c2002ae?s=128&#038;d=mm&#038;r=g' srcset='https:\/\/secure.gravatar.com\/avatar\/d2177b9da4fc132d566dbe164f603c227f19603354cebb86f6a604cc2c2002ae?s=256&#038;d=mm&#038;r=g 2x' class='avatar avatar-128 photo' height='128' width='128' \/>\t\t<\/div>\n\t\t\t\t<div class=\"elementor-post__text\">\n\t\t\t\t<h3 class=\"elementor-post__title\">\n\t\t\t<a href=\"https:\/\/betopesca.danielwinweb.com\/index.php\/2025\/10\/05\/aprenda-os-principais-nos-para-pesca-esportiva\/\" >\n\t\t\t\tAprenda os n\u00f3s de pesca mais utilizados e como fazer\t\t\t<\/a>\n\t\t<\/h3>\n\t\t\t\t<div class=\"elementor-post__excerpt\">\n\t\t\t<p>N\u00f3s de pesca mais utilizados s\u00e3o essenciais para quem pratica a pesca esportiva. Saber como faz\u00ea-los corretamente pode ser a diferen\u00e7a entre fisgar o trof\u00e9u<\/p>\n\t\t<\/div>\n\t\t\t\t\t<div class=\"elementor-post__read-more-wrapper\">\n\t\t\n\t\t<a class=\"elementor-post__read-more\" href=\"https:\/\/betopesca.danielwinweb.com\/index.php\/2025\/10\/05\/aprenda-os-principais-nos-para-pesca-esportiva\/\" aria-label=\"Leia mais sobre Aprenda os n\u00f3s de pesca mais utilizados e como fazer\" tabindex=\"-1\" >\n\t\t\tLeia mais \u00bb\t\t<\/a>\n\n\t\t\t\t\t<\/div>\n\t\t\t\t<\/div>\n\t\t\t\t<div class=\"elementor-post__meta-data\">\n\t\t\t\t\t<span class=\"elementor-post-date\">\n\t\t\t5 de outubro de 2025\t\t<\/span>\n\t\t\t\t<span class=\"elementor-post-avatar\">\n\t\t\tNenhum coment\u00e1rio\t\t<\/span>\n\t\t\t\t<\/div>\n\t\t\t\t\t<\/div>\n\t\t<\/article>\n\t\t\t\t<article class=\"elementor-post elementor-grid-item post-909 post type-post status-publish format-standard has-post-thumbnail hentry category-sem-categoria\" role=\"listitem\">\n\t\t\t<div class=\"elementor-post__card\">\n\t\t\t\t<a class=\"elementor-post__thumbnail__link\" href=\"https:\/\/betopesca.danielwinweb.com\/index.php\/2025\/09\/30\/iscas-artificiais-quando-e-quais-usar\/\" tabindex=\"-1\" ><div class=\"elementor-post__thumbnail\"><img decoding=\"async\" width=\"300\" height=\"224\" src=\"https:\/\/betopesca.danielwinweb.com\/wp-content\/uploads\/2025\/09\/ed188a9d-eb9a-4d94-97f3-452d62b13d309375909bba1a7352a40291d40d-1-300x224.png\" class=\"attachment-medium size-medium wp-image-989\" alt=\"\" srcset=\"https:\/\/betopesca.danielwinweb.com\/wp-content\/uploads\/2025\/09\/ed188a9d-eb9a-4d94-97f3-452d62b13d309375909bba1a7352a40291d40d-1-300x224.png 300w, https:\/\/betopesca.danielwinweb.com\/wp-content\/uploads\/2025\/09\/ed188a9d-eb9a-4d94-97f3-452d62b13d309375909bba1a7352a40291d40d-1-1024x764.png 1024w, https:\/\/betopesca.danielwinweb.com\/wp-content\/uploads\/2025\/09\/ed188a9d-eb9a-4d94-97f3-452d62b13d309375909bba1a7352a40291d40d-1-768x573.png 768w, https:\/\/betopesca.danielwinweb.com\/wp-content\/uploads\/2025\/09\/ed188a9d-eb9a-4d94-97f3-452d62b13d309375909bba1a7352a40291d40d-1-1536x1146.png 1536w, https:\/\/betopesca.danielwinweb.com\/wp-content\/uploads\/2025\/09\/ed188a9d-eb9a-4d94-97f3-452d62b13d309375909bba1a7352a40291d40d-1.png 2000w\" sizes=\"(max-width: 300px) 100vw, 300px\" \/><\/div><\/a>\n\t\t\t\t<div class=\"elementor-post__avatar\">\n\t\t\t<img alt='betopesca' src='https:\/\/secure.gravatar.com\/avatar\/d2177b9da4fc132d566dbe164f603c227f19603354cebb86f6a604cc2c2002ae?s=128&#038;d=mm&#038;r=g' srcset='https:\/\/secure.gravatar.com\/avatar\/d2177b9da4fc132d566dbe164f603c227f19603354cebb86f6a604cc2c2002ae?s=256&#038;d=mm&#038;r=g 2x' class='avatar avatar-128 photo' height='128' width='128' \/>\t\t<\/div>\n\t\t\t\t<div class=\"elementor-post__text\">\n\t\t\t\t<h3 class=\"elementor-post__title\">\n\t\t\t<a href=\"https:\/\/betopesca.danielwinweb.com\/index.php\/2025\/09\/30\/iscas-artificiais-quando-e-quais-usar\/\" >\n\t\t\t\tIscas Artificiais: quando e quais usar\t\t\t<\/a>\n\t\t<\/h3>\n\t\t\t\t<div class=\"elementor-post__excerpt\">\n\t\t\t<p>Iscas artificiais: quando e quais utilizar As iscas artificiais s\u00e3o ferramentas indispens\u00e1veis para quem pratica a pesca esportiva. Elas n\u00e3o apenas substituem as iscas vivas,<\/p>\n\t\t<\/div>\n\t\t\t\t\t<div class=\"elementor-post__read-more-wrapper\">\n\t\t\n\t\t<a class=\"elementor-post__read-more\" href=\"https:\/\/betopesca.danielwinweb.com\/index.php\/2025\/09\/30\/iscas-artificiais-quando-e-quais-usar\/\" aria-label=\"Leia mais sobre Iscas Artificiais: quando e quais usar\" tabindex=\"-1\" >\n\t\t\tLeia mais \u00bb\t\t<\/a>\n\n\t\t\t\t\t<\/div>\n\t\t\t\t<\/div>\n\t\t\t\t<div class=\"elementor-post__meta-data\">\n\t\t\t\t\t<span class=\"elementor-post-date\">\n\t\t\t30 de setembro de 2025\t\t<\/span>\n\t\t\t\t<span class=\"elementor-post-avatar\">\n\t\t\tNenhum coment\u00e1rio\t\t<\/span>\n\t\t\t\t<\/div>\n\t\t\t\t\t<\/div>\n\t\t<\/article>\n\t\t\t\t<article class=\"elementor-post elementor-grid-item post-219 post type-post status-publish format-standard has-post-thumbnail hentry category-sem-categoria\" role=\"listitem\">\n\t\t\t<div class=\"elementor-post__card\">\n\t\t\t\t<a class=\"elementor-post__thumbnail__link\" href=\"https:\/\/betopesca.danielwinweb.com\/index.php\/2025\/03\/09\/blog-nosso-informativo-semanal-sobre-pesca\/\" tabindex=\"-1\" ><div class=\"elementor-post__thumbnail\"><img loading=\"lazy\" decoding=\"async\" width=\"300\" height=\"200\" src=\"https:\/\/betopesca.danielwinweb.com\/wp-content\/uploads\/2025\/03\/pescador-de-praia-300x200.jpg\" class=\"attachment-medium size-medium wp-image-200\" alt=\"\" srcset=\"https:\/\/betopesca.danielwinweb.com\/wp-content\/uploads\/2025\/03\/pescador-de-praia-300x200.jpg 300w, https:\/\/betopesca.danielwinweb.com\/wp-content\/uploads\/2025\/03\/pescador-de-praia-1024x682.jpg 1024w, https:\/\/betopesca.danielwinweb.com\/wp-content\/uploads\/2025\/03\/pescador-de-praia-768x512.jpg 768w, https:\/\/betopesca.danielwinweb.com\/wp-content\/uploads\/2025\/03\/pescador-de-praia.jpg 1280w\" sizes=\"(max-width: 300px) 100vw, 300px\" \/><\/div><\/a>\n\t\t\t\t<div class=\"elementor-post__avatar\">\n\t\t\t<img alt='betopesca' src='https:\/\/secure.gravatar.com\/avatar\/d2177b9da4fc132d566dbe164f603c227f19603354cebb86f6a604cc2c2002ae?s=128&#038;d=mm&#038;r=g' srcset='https:\/\/secure.gravatar.com\/avatar\/d2177b9da4fc132d566dbe164f603c227f19603354cebb86f6a604cc2c2002ae?s=256&#038;d=mm&#038;r=g 2x' class='avatar avatar-128 photo' height='128' width='128' \/>\t\t<\/div>\n\t\t\t\t<div class=\"elementor-post__text\">\n\t\t\t\t<h3 class=\"elementor-post__title\">\n\t\t\t<a href=\"https:\/\/betopesca.danielwinweb.com\/index.php\/2025\/03\/09\/blog-nosso-informativo-semanal-sobre-pesca\/\" >\n\t\t\t\tComo pescar na praia? No\u00e7\u00f5es gerais da pesca de arremesso\t\t\t<\/a>\n\t\t<\/h3>\n\t\t\t\t<div class=\"elementor-post__excerpt\">\n\t\t\t<p>Como pescar na praia? Este \u00e9 um questionamento recorrente entre os pescadores amadores e inexperientes que buscam, atrav\u00e9s desta modalidade, uma atividade de lazer junto<\/p>\n\t\t<\/div>\n\t\t\t\t\t<div class=\"elementor-post__read-more-wrapper\">\n\t\t\n\t\t<a class=\"elementor-post__read-more\" href=\"https:\/\/betopesca.danielwinweb.com\/index.php\/2025\/03\/09\/blog-nosso-informativo-semanal-sobre-pesca\/\" aria-label=\"Leia mais sobre Como pescar na praia? No\u00e7\u00f5es gerais da pesca de arremesso\" tabindex=\"-1\" >\n\t\t\tLeia mais \u00bb\t\t<\/a>\n\n\t\t\t\t\t<\/div>\n\t\t\t\t<\/div>\n\t\t\t\t<div class=\"elementor-post__meta-data\">\n\t\t\t\t\t<span class=\"elementor-post-date\">\n\t\t\t9 de mar\u00e7o de 2025\t\t<\/span>\n\t\t\t\t<span class=\"elementor-post-avatar\">\n\t\t\tNenhum coment\u00e1rio\t\t<\/span>\n\t\t\t\t<\/div>\n\t\t\t\t\t<\/div>\n\t\t<\/article>\n\t\t\t\t<\/div>\n\t\t\n\t\t\t\t\t\t<\/div>\n\t\t\t\t<\/div>\n\t\t\t\t\t<\/div>\n\t\t\t\t<\/div>\n\t\t\t\t<\/div>\n\t\t","protected":false},"excerpt":{"rendered":"<p>Blog<\/p>\n","protected":false},"author":1,"featured_media":0,"parent":0,"menu_order":0,"comment_status":"closed","ping_status":"open","template":"","meta":{"footnotes":""},"class_list":["post-2","page","type-page","status-publish","hentry"],"yoast_head":"<!-- This site is optimized with the Yoast SEO plugin v26.4 - https:\/\/yoast.com\/wordpress\/plugins\/seo\/ -->\n<title>Blog - Beto Pesca<\/title>\n<meta name=\"robots\" content=\"index, follow, max-snippet:-1, max-image-preview:large, max-video-preview:-1\" \/>\n<link rel=\"canonical\" href=\"https:\/\/betopesca.danielwinweb.com\/index.php\/pagina-exemplo\/\" \/>\n<meta property=\"og:locale\" content=\"pt_BR\" \/>\n<meta property=\"og:type\" content=\"article\" \/>\n<meta property=\"og:title\" content=\"Blog - Beto Pesca\" \/>\n<meta property=\"og:description\" content=\"Blog\" \/>\n<meta property=\"og:url\" content=\"https:\/\/betopesca.danielwinweb.com\/index.php\/pagina-exemplo\/\" \/>\n<meta property=\"og:site_name\" content=\"Beto Pesca\" \/>\n<meta property=\"article:modified_time\" content=\"2025-10-10T01:24:06+00:00\" \/>\n<meta name=\"twitter:card\" content=\"summary_large_image\" \/>\n<meta name=\"twitter:label1\" content=\"Est. tempo de leitura\" \/>\n\t<meta name=\"twitter:data1\" content=\"5 minutos\" \/>\n<script type=\"application\/ld+json\" class=\"yoast-schema-graph\">{\"@context\":\"https:\/\/schema.org\",\"@graph\":[{\"@type\":\"WebPage\",\"@id\":\"https:\/\/betopesca.danielwinweb.com\/index.php\/pagina-exemplo\/\",\"url\":\"https:\/\/betopesca.danielwinweb.com\/index.php\/pagina-exemplo\/\",\"name\":\"Blog - Beto Pesca\",\"isPartOf\":{\"@id\":\"https:\/\/betopesca.danielwinweb.com\/#website\"},\"datePublished\":\"2025-02-19T22:33:40+00:00\",\"dateModified\":\"2025-10-10T01:24:06+00:00\",\"breadcrumb\":{\"@id\":\"https:\/\/betopesca.danielwinweb.com\/index.php\/pagina-exemplo\/#breadcrumb\"},\"inLanguage\":\"pt-BR\",\"potentialAction\":[{\"@type\":\"ReadAction\",\"target\":[\"https:\/\/betopesca.danielwinweb.com\/index.php\/pagina-exemplo\/\"]}]},{\"@type\":\"BreadcrumbList\",\"@id\":\"https:\/\/betopesca.danielwinweb.com\/index.php\/pagina-exemplo\/#breadcrumb\",\"itemListElement\":[{\"@type\":\"ListItem\",\"position\":1,\"name\":\"In\u00edcio\",\"item\":\"https:\/\/betopesca.danielwinweb.com\/\"},{\"@type\":\"ListItem\",\"position\":2,\"name\":\"Blog\"}]},{\"@type\":\"WebSite\",\"@id\":\"https:\/\/betopesca.danielwinweb.com\/#website\",\"url\":\"https:\/\/betopesca.danielwinweb.com\/\",\"name\":\"Beto Pesca\",\"description\":\"\",\"publisher\":{\"@id\":\"https:\/\/betopesca.danielwinweb.com\/#organization\"},\"potentialAction\":[{\"@type\":\"SearchAction\",\"target\":{\"@type\":\"EntryPoint\",\"urlTemplate\":\"https:\/\/betopesca.danielwinweb.com\/?s={search_term_string}\"},\"query-input\":{\"@type\":\"PropertyValueSpecification\",\"valueRequired\":true,\"valueName\":\"search_term_string\"}}],\"inLanguage\":\"pt-BR\"},{\"@type\":\"Organization\",\"@id\":\"https:\/\/betopesca.danielwinweb.com\/#organization\",\"name\":\"Beto Pesca\",\"url\":\"https:\/\/betopesca.danielwinweb.com\/\",\"logo\":{\"@type\":\"ImageObject\",\"inLanguage\":\"pt-BR\",\"@id\":\"https:\/\/betopesca.danielwinweb.com\/#\/schema\/logo\/image\/\",\"url\":\"https:\/\/betopesca.danielwinweb.com\/wp-content\/uploads\/2025\/02\/LOGO-MELHOR-2.png\",\"contentUrl\":\"https:\/\/betopesca.danielwinweb.com\/wp-content\/uploads\/2025\/02\/LOGO-MELHOR-2.png\",\"width\":2085,\"height\":2556,\"caption\":\"Beto Pesca\"},\"image\":{\"@id\":\"https:\/\/betopesca.danielwinweb.com\/#\/schema\/logo\/image\/\"}}]}<\/script>\n<!-- \/ Yoast SEO plugin. -->","yoast_head_json":{"title":"Blog - Beto Pesca","robots":{"index":"index","follow":"follow","max-snippet":"max-snippet:-1","max-image-preview":"max-image-preview:large","max-video-preview":"max-video-preview:-1"},"canonical":"https:\/\/betopesca.danielwinweb.com\/index.php\/pagina-exemplo\/","og_locale":"pt_BR","og_type":"article","og_title":"Blog - Beto Pesca","og_description":"Blog","og_url":"https:\/\/betopesca.danielwinweb.com\/index.php\/pagina-exemplo\/","og_site_name":"Beto Pesca","article_modified_time":"2025-10-10T01:24:06+00:00","twitter_card":"summary_large_image","twitter_misc":{"Est. tempo de leitura":"5 minutos"},"schema":{"@context":"https:\/\/schema.org","@graph":[{"@type":"WebPage","@id":"https:\/\/betopesca.danielwinweb.com\/index.php\/pagina-exemplo\/","url":"https:\/\/betopesca.danielwinweb.com\/index.php\/pagina-exemplo\/","name":"Blog - Beto Pesca","isPartOf":{"@id":"https:\/\/betopesca.danielwinweb.com\/#website"},"datePublished":"2025-02-19T22:33:40+00:00","dateModified":"2025-10-10T01:24:06+00:00","breadcrumb":{"@id":"https:\/\/betopesca.danielwinweb.com\/index.php\/pagina-exemplo\/#breadcrumb"},"inLanguage":"pt-BR","potentialAction":[{"@type":"ReadAction","target":["https:\/\/betopesca.danielwinweb.com\/index.php\/pagina-exemplo\/"]}]},{"@type":"BreadcrumbList","@id":"https:\/\/betopesca.danielwinweb.com\/index.php\/pagina-exemplo\/#breadcrumb","itemListElement":[{"@type":"ListItem","position":1,"name":"In\u00edcio","item":"https:\/\/betopesca.danielwinweb.com\/"},{"@type":"ListItem","position":2,"name":"Blog"}]},{"@type":"WebSite","@id":"https:\/\/betopesca.danielwinweb.com\/#website","url":"https:\/\/betopesca.danielwinweb.com\/","name":"Beto Pesca","description":"","publisher":{"@id":"https:\/\/betopesca.danielwinweb.com\/#organization"},"potentialAction":[{"@type":"SearchAction","target":{"@type":"EntryPoint","urlTemplate":"https:\/\/betopesca.danielwinweb.com\/?s={search_term_string}"},"query-input":{"@type":"PropertyValueSpecification","valueRequired":true,"valueName":"search_term_string"}}],"inLanguage":"pt-BR"},{"@type":"Organization","@id":"https:\/\/betopesca.danielwinweb.com\/#organization","name":"Beto Pesca","url":"https:\/\/betopesca.danielwinweb.com\/","logo":{"@type":"ImageObject","inLanguage":"pt-BR","@id":"https:\/\/betopesca.danielwinweb.com\/#\/schema\/logo\/image\/","url":"https:\/\/betopesca.danielwinweb.com\/wp-content\/uploads\/2025\/02\/LOGO-MELHOR-2.png","contentUrl":"https:\/\/betopesca.danielwinweb.com\/wp-content\/uploads\/2025\/02\/LOGO-MELHOR-2.png","width":2085,"height":2556,"caption":"Beto Pesca"},"image":{"@id":"https:\/\/betopesca.danielwinweb.com\/#\/schema\/logo\/image\/"}}]}},"_links":{"self":[{"href":"https:\/\/betopesca.danielwinweb.com\/index.php\/wp-json\/wp\/v2\/pages\/2","targetHints":{"allow":["GET"]}}],"collection":[{"href":"https:\/\/betopesca.danielwinweb.com\/index.php\/wp-json\/wp\/v2\/pages"}],"about":[{"href":"https:\/\/betopesca.danielwinweb.com\/index.php\/wp-json\/wp\/v2\/types\/page"}],"author":[{"embeddable":true,"href":"https:\/\/betopesca.danielwinweb.com\/index.php\/wp-json\/wp\/v2\/users\/1"}],"replies":[{"embeddable":true,"href":"https:\/\/betopesca.danielwinweb.com\/index.php\/wp-json\/wp\/v2\/comments?post=2"}],"version-history":[{"count":25,"href":"https:\/\/betopesca.danielwinweb.com\/index.php\/wp-json\/wp\/v2\/pages\/2\/revisions"}],"predecessor-version":[{"id":1432,"href":"https:\/\/betopesca.danielwinweb.com\/index.php\/wp-json\/wp\/v2\/pages\/2\/revisions\/1432"}],"wp:attachment":[{"href":"https:\/\/betopesca.danielwinweb.com\/index.php\/wp-json\/wp\/v2\/media?parent=2"}],"curies":[{"name":"wp","href":"https:\/\/api.w.org\/{rel}","templated":true}]}}