{"id":4326,"date":"2026-04-12T21:12:40","date_gmt":"2026-04-13T00:12:40","guid":{"rendered":"https:\/\/betopesca.danielwinweb.com\/?page_id=4326"},"modified":"2026-04-12T21:56:02","modified_gmt":"2026-04-13T00:56:02","slug":"miudezas","status":"publish","type":"page","link":"https:\/\/betopesca.danielwinweb.com\/index.php\/miudezas\/","title":{"rendered":"Miudezas"},"content":{"rendered":"\t\t<div data-elementor-type=\"wp-page\" data-elementor-id=\"4326\" class=\"elementor elementor-4326\" data-elementor-post-type=\"page\">\n\t\t\t\t<div class=\"elementor-element elementor-element-42a53b32 e-flex e-con-boxed e-con e-parent\" data-id=\"42a53b32\" data-element_type=\"container\">\n\t\t\t\t\t<div class=\"e-con-inner\">\n\t\t<div class=\"elementor-element elementor-element-0267848 e-con-full e-flex e-con e-child\" data-id=\"0267848\" data-element_type=\"container\" data-settings=\"{&quot;background_background&quot;:&quot;gradient&quot;,&quot;position&quot;:&quot;absolute&quot;}\">\n\t\t\t\t<div class=\"elementor-element elementor-element-579f166 elementor-widget__width-inherit elementor-widget elementor-widget-heading\" data-id=\"579f166\" data-element_type=\"widget\" data-widget_type=\"heading.default\">\n\t\t\t\t<div class=\"elementor-widget-container\">\n\t\t\t\t\t<h2 class=\"elementor-heading-title elementor-size-default\">Anz\u00f3is Marine Sports<\/h2>\t\t\t\t<\/div>\n\t\t\t\t<\/div>\n\t\t\t\t<\/div>\n\t\t<div class=\"elementor-element elementor-element-756efd4 e-con-full e-flex e-con e-child\" data-id=\"756efd4\" data-element_type=\"container\" data-settings=\"{&quot;background_background&quot;:&quot;gradient&quot;,&quot;position&quot;:&quot;absolute&quot;}\">\n\t\t\t\t<div class=\"elementor-element elementor-element-b16e9ac elementor-widget__width-inherit elementor-widget elementor-widget-heading\" data-id=\"b16e9ac\" data-element_type=\"widget\" data-widget_type=\"heading.default\">\n\t\t\t\t<div class=\"elementor-widget-container\">\n\t\t\t\t\t<h2 class=\"elementor-heading-title elementor-size-default\">Anz\u00f3is Marine Sports<\/h2>\t\t\t\t<\/div>\n\t\t\t\t<\/div>\n\t\t\t\t<\/div>\n\t\t<div class=\"elementor-element elementor-element-c7da06e e-con-full e-flex e-con e-child\" data-id=\"c7da06e\" data-element_type=\"container\" data-settings=\"{&quot;background_background&quot;:&quot;gradient&quot;,&quot;position&quot;:&quot;absolute&quot;}\">\n\t\t\t\t<div class=\"elementor-element elementor-element-8441040 elementor-widget__width-inherit elementor-widget elementor-widget-heading\" data-id=\"8441040\" data-element_type=\"widget\" data-widget_type=\"heading.default\">\n\t\t\t\t<div class=\"elementor-widget-container\">\n\t\t\t\t\t<h2 class=\"elementor-heading-title elementor-size-default\">Anz\u00f3is Marine Sports<\/h2>\t\t\t\t<\/div>\n\t\t\t\t<\/div>\n\t\t\t\t<\/div>\n\t\t<div class=\"elementor-element elementor-element-4e019a0 e-con-full e-flex e-con e-child\" data-id=\"4e019a0\" data-element_type=\"container\" data-settings=\"{&quot;background_background&quot;:&quot;gradient&quot;,&quot;position&quot;:&quot;absolute&quot;}\">\n\t\t\t\t<div class=\"elementor-element elementor-element-63f17b2 elementor-widget__width-inherit elementor-widget elementor-widget-heading\" data-id=\"63f17b2\" data-element_type=\"widget\" data-widget_type=\"heading.default\">\n\t\t\t\t<div class=\"elementor-widget-container\">\n\t\t\t\t\t<h2 class=\"elementor-heading-title elementor-size-default\">Anz\u00f3is Marine Sports<\/h2>\t\t\t\t<\/div>\n\t\t\t\t<\/div>\n\t\t\t\t<\/div>\n\t\t\t\t\t<\/div>\n\t\t\t\t<\/div>\n\t\t<div class=\"elementor-element elementor-element-4dae38bb e-con-full e-flex e-con e-parent\" data-id=\"4dae38bb\" data-element_type=\"container\">\n\t\t<div class=\"elementor-element elementor-element-6faaa42 e-con-full e-flex e-con e-child\" data-id=\"6faaa42\" data-element_type=\"container\" data-settings=\"{&quot;background_background&quot;:&quot;classic&quot;,&quot;position&quot;:&quot;absolute&quot;}\">\n\t\t\t\t<div class=\"elementor-element elementor-element-0db9f86 elementor-widget__width-inherit elementor-arrows-position-inside elementor-pagination-position-outside elementor-widget elementor-widget-image-carousel\" data-id=\"0db9f86\" data-element_type=\"widget\" data-settings=\"{&quot;slides_to_show&quot;:&quot;3&quot;,&quot;slides_to_scroll&quot;:&quot;1&quot;,&quot;navigation&quot;:&quot;both&quot;,&quot;autoplay&quot;:&quot;yes&quot;,&quot;pause_on_hover&quot;:&quot;yes&quot;,&quot;pause_on_interaction&quot;:&quot;yes&quot;,&quot;autoplay_speed&quot;:5000,&quot;infinite&quot;:&quot;yes&quot;,&quot;speed&quot;:500,&quot;image_spacing_custom&quot;:{&quot;unit&quot;:&quot;px&quot;,&quot;size&quot;:20,&quot;sizes&quot;:[]},&quot;image_spacing_custom_tablet&quot;:{&quot;unit&quot;:&quot;px&quot;,&quot;size&quot;:&quot;&quot;,&quot;sizes&quot;:[]},&quot;image_spacing_custom_mobile&quot;:{&quot;unit&quot;:&quot;px&quot;,&quot;size&quot;:&quot;&quot;,&quot;sizes&quot;:[]}}\" data-widget_type=\"image-carousel.default\">\n\t\t\t\t<div class=\"elementor-widget-container\">\n\t\t\t\t\t\t\t<div class=\"elementor-image-carousel-wrapper swiper\" role=\"region\" aria-roledescription=\"carousel\" aria-label=\"Carrossel de imagens\" dir=\"ltr\">\n\t\t\t<div class=\"elementor-image-carousel swiper-wrapper\" aria-live=\"off\">\n\t\t\t\t\t\t\t\t<div class=\"swiper-slide\" role=\"group\" aria-roledescription=\"slide\" aria-label=\"1 de 1\"><figure class=\"swiper-slide-inner\"><img decoding=\"async\" class=\"swiper-slide-image\" src=\"https:\/\/betopesca.danielwinweb.com\/wp-content\/uploads\/2026\/04\/ANZOIS-12146-BETO-PESCA-scaled.png\" alt=\"ANZOIS 12146 BETO PESCA\" \/><\/figure><\/div>\t\t\t<\/div>\n\t\t\t\t\t<\/div>\n\t\t\t\t\t\t<\/div>\n\t\t\t\t<\/div>\n\t\t\t\t<\/div>\n\t\t\t\t<\/div>\n\t\t\t\t<\/div>\n\t\t","protected":false},"excerpt":{"rendered":"<p>Anz\u00f3is Marine Sports Anz\u00f3is Marine Sports Anz\u00f3is Marine Sports Anz\u00f3is Marine Sports<\/p>\n","protected":false},"author":1,"featured_media":0,"parent":0,"menu_order":0,"comment_status":"closed","ping_status":"closed","template":"","meta":{"footnotes":""},"class_list":["post-4326","page","type-page","status-publish","hentry"],"yoast_head":"<!-- This site is optimized with the Yoast SEO plugin v26.4 - https:\/\/yoast.com\/wordpress\/plugins\/seo\/ -->\n<title>Miudezas - Beto Pesca<\/title>\n<meta name=\"robots\" content=\"index, follow, max-snippet:-1, max-image-preview:large, max-video-preview:-1\" \/>\n<link rel=\"canonical\" href=\"https:\/\/betopesca.danielwinweb.com\/index.php\/miudezas\/\" \/>\n<meta property=\"og:locale\" content=\"pt_BR\" \/>\n<meta property=\"og:type\" content=\"article\" \/>\n<meta property=\"og:title\" content=\"Miudezas - Beto Pesca\" \/>\n<meta property=\"og:description\" content=\"Anz\u00f3is Marine Sports Anz\u00f3is Marine Sports Anz\u00f3is Marine Sports Anz\u00f3is Marine Sports\" \/>\n<meta property=\"og:url\" content=\"https:\/\/betopesca.danielwinweb.com\/index.php\/miudezas\/\" \/>\n<meta property=\"og:site_name\" content=\"Beto Pesca\" \/>\n<meta property=\"article:modified_time\" content=\"2026-04-13T00:56:02+00:00\" \/>\n<meta property=\"og:image\" content=\"https:\/\/betopesca.danielwinweb.com\/wp-content\/uploads\/2026\/04\/ANZOIS-12146-BETO-PESCA-scaled.png\" \/>\n<meta name=\"twitter:card\" content=\"summary_large_image\" \/>\n<meta name=\"twitter:label1\" content=\"Est. tempo de leitura\" \/>\n\t<meta name=\"twitter:data1\" content=\"1 minuto\" \/>\n<script type=\"application\/ld+json\" class=\"yoast-schema-graph\">{\"@context\":\"https:\/\/schema.org\",\"@graph\":[{\"@type\":\"WebPage\",\"@id\":\"https:\/\/betopesca.danielwinweb.com\/index.php\/miudezas\/\",\"url\":\"https:\/\/betopesca.danielwinweb.com\/index.php\/miudezas\/\",\"name\":\"Miudezas - Beto Pesca\",\"isPartOf\":{\"@id\":\"https:\/\/betopesca.danielwinweb.com\/#website\"},\"primaryImageOfPage\":{\"@id\":\"https:\/\/betopesca.danielwinweb.com\/index.php\/miudezas\/#primaryimage\"},\"image\":{\"@id\":\"https:\/\/betopesca.danielwinweb.com\/index.php\/miudezas\/#primaryimage\"},\"thumbnailUrl\":\"https:\/\/betopesca.danielwinweb.com\/wp-content\/uploads\/2026\/04\/ANZOIS-12146-BETO-PESCA-scaled.png\",\"datePublished\":\"2026-04-13T00:12:40+00:00\",\"dateModified\":\"2026-04-13T00:56:02+00:00\",\"breadcrumb\":{\"@id\":\"https:\/\/betopesca.danielwinweb.com\/index.php\/miudezas\/#breadcrumb\"},\"inLanguage\":\"pt-BR\",\"potentialAction\":[{\"@type\":\"ReadAction\",\"target\":[\"https:\/\/betopesca.danielwinweb.com\/index.php\/miudezas\/\"]}]},{\"@type\":\"ImageObject\",\"inLanguage\":\"pt-BR\",\"@id\":\"https:\/\/betopesca.danielwinweb.com\/index.php\/miudezas\/#primaryimage\",\"url\":\"https:\/\/betopesca.danielwinweb.com\/wp-content\/uploads\/2026\/04\/ANZOIS-12146-BETO-PESCA-scaled.png\",\"contentUrl\":\"https:\/\/betopesca.danielwinweb.com\/wp-content\/uploads\/2026\/04\/ANZOIS-12146-BETO-PESCA-scaled.png\",\"width\":1440,\"height\":2560},{\"@type\":\"BreadcrumbList\",\"@id\":\"https:\/\/betopesca.danielwinweb.com\/index.php\/miudezas\/#breadcrumb\",\"itemListElement\":[{\"@type\":\"ListItem\",\"position\":1,\"name\":\"In\u00edcio\",\"item\":\"https:\/\/betopesca.danielwinweb.com\/\"},{\"@type\":\"ListItem\",\"position\":2,\"name\":\"Miudezas\"}]},{\"@type\":\"WebSite\",\"@id\":\"https:\/\/betopesca.danielwinweb.com\/#website\",\"url\":\"https:\/\/betopesca.danielwinweb.com\/\",\"name\":\"Beto Pesca\",\"description\":\"\",\"publisher\":{\"@id\":\"https:\/\/betopesca.danielwinweb.com\/#organization\"},\"potentialAction\":[{\"@type\":\"SearchAction\",\"target\":{\"@type\":\"EntryPoint\",\"urlTemplate\":\"https:\/\/betopesca.danielwinweb.com\/?s={search_term_string}\"},\"query-input\":{\"@type\":\"PropertyValueSpecification\",\"valueRequired\":true,\"valueName\":\"search_term_string\"}}],\"inLanguage\":\"pt-BR\"},{\"@type\":\"Organization\",\"@id\":\"https:\/\/betopesca.danielwinweb.com\/#organization\",\"name\":\"Beto Pesca\",\"url\":\"https:\/\/betopesca.danielwinweb.com\/\",\"logo\":{\"@type\":\"ImageObject\",\"inLanguage\":\"pt-BR\",\"@id\":\"https:\/\/betopesca.danielwinweb.com\/#\/schema\/logo\/image\/\",\"url\":\"https:\/\/betopesca.danielwinweb.com\/wp-content\/uploads\/2025\/02\/LOGO-MELHOR-2.png\",\"contentUrl\":\"https:\/\/betopesca.danielwinweb.com\/wp-content\/uploads\/2025\/02\/LOGO-MELHOR-2.png\",\"width\":2085,\"height\":2556,\"caption\":\"Beto Pesca\"},\"image\":{\"@id\":\"https:\/\/betopesca.danielwinweb.com\/#\/schema\/logo\/image\/\"}}]}<\/script>\n<!-- \/ Yoast SEO plugin. -->","yoast_head_json":{"title":"Miudezas - Beto Pesca","robots":{"index":"index","follow":"follow","max-snippet":"max-snippet:-1","max-image-preview":"max-image-preview:large","max-video-preview":"max-video-preview:-1"},"canonical":"https:\/\/betopesca.danielwinweb.com\/index.php\/miudezas\/","og_locale":"pt_BR","og_type":"article","og_title":"Miudezas - Beto Pesca","og_description":"Anz\u00f3is Marine Sports Anz\u00f3is Marine Sports Anz\u00f3is Marine Sports Anz\u00f3is Marine Sports","og_url":"https:\/\/betopesca.danielwinweb.com\/index.php\/miudezas\/","og_site_name":"Beto Pesca","article_modified_time":"2026-04-13T00:56:02+00:00","og_image":[{"url":"https:\/\/betopesca.danielwinweb.com\/wp-content\/uploads\/2026\/04\/ANZOIS-12146-BETO-PESCA-scaled.png","type":"","width":"","height":""}],"twitter_card":"summary_large_image","twitter_misc":{"Est. tempo de leitura":"1 minuto"},"schema":{"@context":"https:\/\/schema.org","@graph":[{"@type":"WebPage","@id":"https:\/\/betopesca.danielwinweb.com\/index.php\/miudezas\/","url":"https:\/\/betopesca.danielwinweb.com\/index.php\/miudezas\/","name":"Miudezas - Beto Pesca","isPartOf":{"@id":"https:\/\/betopesca.danielwinweb.com\/#website"},"primaryImageOfPage":{"@id":"https:\/\/betopesca.danielwinweb.com\/index.php\/miudezas\/#primaryimage"},"image":{"@id":"https:\/\/betopesca.danielwinweb.com\/index.php\/miudezas\/#primaryimage"},"thumbnailUrl":"https:\/\/betopesca.danielwinweb.com\/wp-content\/uploads\/2026\/04\/ANZOIS-12146-BETO-PESCA-scaled.png","datePublished":"2026-04-13T00:12:40+00:00","dateModified":"2026-04-13T00:56:02+00:00","breadcrumb":{"@id":"https:\/\/betopesca.danielwinweb.com\/index.php\/miudezas\/#breadcrumb"},"inLanguage":"pt-BR","potentialAction":[{"@type":"ReadAction","target":["https:\/\/betopesca.danielwinweb.com\/index.php\/miudezas\/"]}]},{"@type":"ImageObject","inLanguage":"pt-BR","@id":"https:\/\/betopesca.danielwinweb.com\/index.php\/miudezas\/#primaryimage","url":"https:\/\/betopesca.danielwinweb.com\/wp-content\/uploads\/2026\/04\/ANZOIS-12146-BETO-PESCA-scaled.png","contentUrl":"https:\/\/betopesca.danielwinweb.com\/wp-content\/uploads\/2026\/04\/ANZOIS-12146-BETO-PESCA-scaled.png","width":1440,"height":2560},{"@type":"BreadcrumbList","@id":"https:\/\/betopesca.danielwinweb.com\/index.php\/miudezas\/#breadcrumb","itemListElement":[{"@type":"ListItem","position":1,"name":"In\u00edcio","item":"https:\/\/betopesca.danielwinweb.com\/"},{"@type":"ListItem","position":2,"name":"Miudezas"}]},{"@type":"WebSite","@id":"https:\/\/betopesca.danielwinweb.com\/#website","url":"https:\/\/betopesca.danielwinweb.com\/","name":"Beto Pesca","description":"","publisher":{"@id":"https:\/\/betopesca.danielwinweb.com\/#organization"},"potentialAction":[{"@type":"SearchAction","target":{"@type":"EntryPoint","urlTemplate":"https:\/\/betopesca.danielwinweb.com\/?s={search_term_string}"},"query-input":{"@type":"PropertyValueSpecification","valueRequired":true,"valueName":"search_term_string"}}],"inLanguage":"pt-BR"},{"@type":"Organization","@id":"https:\/\/betopesca.danielwinweb.com\/#organization","name":"Beto Pesca","url":"https:\/\/betopesca.danielwinweb.com\/","logo":{"@type":"ImageObject","inLanguage":"pt-BR","@id":"https:\/\/betopesca.danielwinweb.com\/#\/schema\/logo\/image\/","url":"https:\/\/betopesca.danielwinweb.com\/wp-content\/uploads\/2025\/02\/LOGO-MELHOR-2.png","contentUrl":"https:\/\/betopesca.danielwinweb.com\/wp-content\/uploads\/2025\/02\/LOGO-MELHOR-2.png","width":2085,"height":2556,"caption":"Beto Pesca"},"image":{"@id":"https:\/\/betopesca.danielwinweb.com\/#\/schema\/logo\/image\/"}}]}},"_links":{"self":[{"href":"https:\/\/betopesca.danielwinweb.com\/index.php\/wp-json\/wp\/v2\/pages\/4326","targetHints":{"allow":["GET"]}}],"collection":[{"href":"https:\/\/betopesca.danielwinweb.com\/index.php\/wp-json\/wp\/v2\/pages"}],"about":[{"href":"https:\/\/betopesca.danielwinweb.com\/index.php\/wp-json\/wp\/v2\/types\/page"}],"author":[{"embeddable":true,"href":"https:\/\/betopesca.danielwinweb.com\/index.php\/wp-json\/wp\/v2\/users\/1"}],"replies":[{"embeddable":true,"href":"https:\/\/betopesca.danielwinweb.com\/index.php\/wp-json\/wp\/v2\/comments?post=4326"}],"version-history":[{"count":24,"href":"https:\/\/betopesca.danielwinweb.com\/index.php\/wp-json\/wp\/v2\/pages\/4326\/revisions"}],"predecessor-version":[{"id":4359,"href":"https:\/\/betopesca.danielwinweb.com\/index.php\/wp-json\/wp\/v2\/pages\/4326\/revisions\/4359"}],"wp:attachment":[{"href":"https:\/\/betopesca.danielwinweb.com\/index.php\/wp-json\/wp\/v2\/media?parent=4326"}],"curies":[{"name":"wp","href":"https:\/\/api.w.org\/{rel}","templated":true}]}}